{"id":104000,"date":"2022-05-01T11:04:36","date_gmt":"2022-05-01T09:04:36","guid":{"rendered":"https:\/\/espressocafe.ch\/compatibility\/"},"modified":"2022-05-05T22:05:22","modified_gmt":"2022-05-05T20:05:22","slug":"compatibility","status":"publish","type":"page","link":"https:\/\/espressocafe.ch\/en\/compatibility\/","title":{"rendered":"COMPATIBILITY"},"content":{"rendered":"<section id=\"melanges-custom-header-1\" data-vc-full-width=\"true\" data-vc-full-width-init=\"false\" class=\"vc_row wpb_row vc_row-fluid melanges-custom-header-1 vc_custom_1650362575667   vc_row-has-fill hongo-stretch-content hongo-stretch-row-container vc_row-o-content-middle vc_row-flex\"><div class=\"wpb_column vc_column_container col-xs-mobile-fullwidth vc_col-sm-12\"><div class=\"vc_column-inner\"><div class=\"wpb_wrapper\"><div class=\"vc_row wpb_row vc_inner vc_row-fluid\"><div class=\"wpb_column vc_column_container col-xs-mobile-fullwidth vc_col-sm-12\"><div class=\"vc_column-inner vc_custom_1624023303607\"><div class=\"wpb_wrapper\">[vc_custom_heading text=&#8221;MACHINE COMPATIBILITY&#8221; font_container=&#8221;tag:h2|font_size:60px|text_align:center|color:%23ffffff|line_height:55px&#8221; use_theme_fonts=&#8221;yes&#8221; css=&#8221;.vc_custom_1624988904507{margin-bottom: 0px !important;border-bottom-width: 0px !important;padding-top: 20% !important;padding-bottom: 50px !important;}&#8221;]<div class=\"text-block-content hongo-text-block-1 last-paragraph-no-margin\"><h2 style=\"text-align: center; color: white;\">Coffee beans, ground coffee, pods or capsules, find your coffee in the form of your choice and always with the same quality.<\/h2>\n<\/div><\/div><\/div><\/div><\/div><div class=\"vc_row wpb_row vc_inner vc_row-fluid  vc_custom_1615958012725\"><div class=\"wpb_column vc_column_container col-xs-mobile-fullwidth vc_col-sm-12\"><div class=\"vc_column-inner\"><div class=\"wpb_wrapper\">[vc_raw_html]JTNDZGl2JTIwY2xhc3MlM0QlMjJiYW5uZXItYnV0dG9ucyUyMiUzRSUwQSUzQ2RpdiUyMGNsYXNzJTNEJTIyYmFubmVyLWJ1dHRvbnMtd3JhcHBlciUyMiUzRSUwQSUzQ2RpdiUyMGNsYXNzJTNEJTIyYmFubmVyLWJ1dHRvbiUyMiUzRSUzQ2ElMjBocmVmJTNEJTIyJTIzZ3JhaW4lMjIlMjBjbGFzcyUzRCUyMnJlZC1idXR0b24lMjIlM0VCRUFOUyUzQyUyRmElM0UlM0MlMkZkaXYlM0UlMEElM0NkaXYlMjBjbGFzcyUzRCUyMmJhbm5lci1idXR0b24lMjIlM0UlM0NhJTIwaHJlZiUzRCUyMiUyM21vdWx1JTIyJTIwY2xhc3MlM0QlMjJyZWQtYnV0dG9uJTIyJTNFR1JPVU5EJTNDJTJGYSUzRSUzQyUyRmRpdiUzRSUwQSUzQ2RpdiUyMGNsYXNzJTNEJTIyYmFubmVyLWJ1dHRvbiUyMiUzRSUzQ2ElMjBocmVmJTNEJTIyJTIzY2Fwc3VsZSUyMiUyMGNsYXNzJTNEJTIycmVkLWJ1dHRvbiUyMiUzRUNBUFNVTEVTJTNDJTJGYSUzRSUzQyUyRmRpdiUzRSUwQSUzQ2RpdiUyMGNsYXNzJTNEJTIyYmFubmVyLWJ1dHRvbiUyMiUzRSUzQ2ElMjBocmVmJTNEJTIyJTIzZG9zZXR0ZSUyMiUyMGNsYXNzJTNEJTIycmVkLWJ1dHRvbiUyMiUzRVBPRFMlM0MlMkZhJTNFJTNDJTJGZGl2JTNFJTBBJTNDJTJGZGl2JTNFJTBBJTNDJTJGZGl2JTNF[\/vc_raw_html]<\/div><\/div><\/div><\/div><\/div><\/div><\/div><\/section><div class=\"vc_row-full-width vc_clearfix\"><\/div>[vc_section full_width=&#8221;stretch_row&#8221; css=&#8221;.vc_custom_1624995550702{padding-top: 0px !important;padding-bottom: 0px !important;background-color: #efeae3 !important;}&#8221; el_id=&#8221;grain&#8221;]<section class=\"vc_row wpb_row vc_row-fluid\"><div class=\"wpb_column vc_column_container col-xs-mobile-fullwidth vc_col-sm-6\"><div class=\"vc_column-inner\"><div class=\"wpb_wrapper\">[vc_custom_heading text=&#8221;For coffee beans&#8221;]<div class=\"text-block-content melanges-text-block hongo-text-block-2 last-paragraph-no-margin\"><p>In fact, bean-to-cup machines are characterized by the fact that they offer the possibility of charging to prepare an extraction from freshly ground coffee, on demand.<\/p>\n<\/div><div class=\"vc_row wpb_row vc_inner vc_row-fluid  vc_custom_1624995737077\"><div class=\"wpb_column vc_column_container col-xs-mobile-fullwidth vc_col-sm-6\"><div class=\"vc_column-inner\"><div class=\"wpb_wrapper\">[vc_btn title=&#8221;Discover the products&#8221; style=&#8221;custom&#8221; custom_background=&#8221;#d1020d&#8221; custom_text=&#8221;#ffffff&#8221; shape=&#8221;round&#8221; i_icon_fontawesome=&#8221;fas fa-coffee&#8221; add_icon=&#8221;true&#8221; link=&#8221;url:https%3A%2F%2Fespressocafe.ch%2Fen%2Fproduct-tag%2Fgrain-en%2F|&#8221;]<\/div><\/div><\/div><div class=\"wpb_column vc_column_container col-xs-mobile-fullwidth vc_col-sm-6 vc_hidden-lg vc_hidden-md vc_hidden-sm vc_hidden-xs\"><div class=\"vc_column-inner\"><div class=\"wpb_wrapper\">[vc_btn title=&#8221;Discover the machines&#8221; style=&#8221;custom&#8221; custom_background=&#8221;#000000&#8243; custom_text=&#8221;#ffffff&#8221; shape=&#8221;round&#8221; i_icon_fontawesome=&#8221;fas fa-blender&#8221; add_icon=&#8221;true&#8221; link=&#8221;url:https%3A%2F%2Fespressocafe.ch%2Fen%2Fproduct-category%2Fmachines-en%2F|&#8221;]<\/div><\/div><\/div><\/div><\/div><\/div><\/div><div class=\"wpb_column vc_column_container col-xs-mobile-fullwidth vc_col-sm-6\"><div class=\"vc_column-inner\"><div class=\"wpb_wrapper\"><div class=\"wpb_single_image vc_align_center  vc_custom_1647861224141\">\n\t\t\t<figure class=\"wpb_wrapper vc_figure\">\n\t\t\t\t<div class=\"vc_single_image-wrapper  \"><img loading=\"lazy\" decoding=\"async\" width=\"800\" height=\"400\" src=\"https:\/\/espressocafe.ch\/wp-content\/uploads\/2022\/03\/website_compatibilite_photo_grain.png\" class=\"vc_single_image-img attachment-large\" alt=\"Machine \u00e0 caf\u00e9 pour du caf\u00e9 en grain, site Espresso Italiano\" title=\"website_compatibilite_photo_grain\" srcset=\"https:\/\/espressocafe.ch\/wp-content\/uploads\/2022\/03\/website_compatibilite_photo_grain.png 800w, https:\/\/espressocafe.ch\/wp-content\/uploads\/2022\/03\/website_compatibilite_photo_grain-300x150.png 300w, https:\/\/espressocafe.ch\/wp-content\/uploads\/2022\/03\/website_compatibilite_photo_grain-768x384.png 768w, https:\/\/espressocafe.ch\/wp-content\/uploads\/2022\/03\/website_compatibilite_photo_grain-84x42.png 84w, https:\/\/espressocafe.ch\/wp-content\/uploads\/2022\/03\/website_compatibilite_photo_grain-200x100.png 200w, https:\/\/espressocafe.ch\/wp-content\/uploads\/2022\/03\/website_compatibilite_photo_grain-450x225.png 450w, https:\/\/espressocafe.ch\/wp-content\/uploads\/2022\/03\/website_compatibilite_photo_grain-360x180.png 360w\" sizes=\"(max-width: 800px) 100vw, 800px\" \/><\/div>\n\t\t\t<\/figure>\n\t\t\t\n\t\t<\/div><\/div><\/div><\/div><\/section>[\/vc_section][vc_section css=&#8221;.vc_custom_1624995563824{padding-top: 0px !important;padding-bottom: 0px !important;}&#8221; el_id=&#8221;moulu&#8221;]<section class=\"vc_row wpb_row vc_row-fluid\"><div class=\"wpb_column vc_column_container col-xs-mobile-fullwidth vc_col-sm-6\"><div class=\"vc_column-inner\"><div class=\"wpb_wrapper\">[vc_custom_heading text=&#8221;For ground coffee&#8221;]<div class=\"text-block-content melanges-text-block hongo-text-block-3 last-paragraph-no-margin\"><p>Espresso machine, Italian or filter coffee maker for example. The machines operate in different modes. Good practices are therefore linked to the use of the machine itself, as well as to the dosage of the grind and the way the machine is loaded.<\/p>\n<\/div><div class=\"vc_row wpb_row vc_inner vc_row-fluid  vc_custom_1624995748988\"><div class=\"wpb_column vc_column_container col-xs-mobile-fullwidth vc_col-sm-6\"><div class=\"vc_column-inner\"><div class=\"wpb_wrapper\">[vc_btn title=&#8221;Discover the products&#8221; style=&#8221;custom&#8221; custom_background=&#8221;#d1020d&#8221; custom_text=&#8221;#ffffff&#8221; shape=&#8221;round&#8221; i_icon_fontawesome=&#8221;fas fa-coffee&#8221; add_icon=&#8221;true&#8221; link=&#8221;url:https%3A%2F%2Fespressocafe.ch%2Fen%2Fproduct-tag%2Fground%2F|&#8221;]<\/div><\/div><\/div><div class=\"wpb_column vc_column_container col-xs-mobile-fullwidth vc_col-sm-6 vc_hidden-lg vc_hidden-md vc_hidden-sm vc_hidden-xs\"><div class=\"vc_column-inner\"><div class=\"wpb_wrapper\">[vc_btn title=&#8221;Discover the machines&#8221; style=&#8221;custom&#8221; custom_background=&#8221;#000000&#8243; custom_text=&#8221;#ffffff&#8221; shape=&#8221;round&#8221; i_icon_fontawesome=&#8221;fas fa-blender&#8221; add_icon=&#8221;true&#8221; link=&#8221;url:https%3A%2F%2Fespressocafe.ch%2Fen%2Fproduct-category%2Fmachines-en%2F|&#8221;]<\/div><\/div><\/div><\/div><\/div><\/div><\/div><div class=\"wpb_column vc_column_container col-xs-mobile-fullwidth vc_col-sm-6\"><div class=\"vc_column-inner\"><div class=\"wpb_wrapper\"><div class=\"wpb_single_image vc_align_center  vc_custom_1647861211219\">\n\t\t\t<figure class=\"wpb_wrapper vc_figure\">\n\t\t\t\t<div class=\"vc_single_image-wrapper  \"><img loading=\"lazy\" decoding=\"async\" width=\"800\" height=\"400\" src=\"https:\/\/espressocafe.ch\/wp-content\/uploads\/2022\/03\/website_compatibilite_photo_moulu.png\" class=\"vc_single_image-img attachment-large\" alt=\"Machine \u00e0 caf\u00e9 \" title=\"website_compatibilite_photo_moulu\" srcset=\"https:\/\/espressocafe.ch\/wp-content\/uploads\/2022\/03\/website_compatibilite_photo_moulu.png 800w, https:\/\/espressocafe.ch\/wp-content\/uploads\/2022\/03\/website_compatibilite_photo_moulu-300x150.png 300w, https:\/\/espressocafe.ch\/wp-content\/uploads\/2022\/03\/website_compatibilite_photo_moulu-768x384.png 768w, https:\/\/espressocafe.ch\/wp-content\/uploads\/2022\/03\/website_compatibilite_photo_moulu-84x42.png 84w, https:\/\/espressocafe.ch\/wp-content\/uploads\/2022\/03\/website_compatibilite_photo_moulu-200x100.png 200w, https:\/\/espressocafe.ch\/wp-content\/uploads\/2022\/03\/website_compatibilite_photo_moulu-450x225.png 450w, https:\/\/espressocafe.ch\/wp-content\/uploads\/2022\/03\/website_compatibilite_photo_moulu-360x180.png 360w\" sizes=\"(max-width: 800px) 100vw, 800px\" \/><\/div>\n\t\t\t<\/figure>\n\t\t\t\n\t\t<\/div><\/div><\/div><\/div><\/section>[\/vc_section][vc_section full_width=&#8221;stretch_row&#8221; css=&#8221;.vc_custom_1624995590332{padding-top: 0px !important;padding-bottom: 0px !important;background-color: #efeae3 !important;}&#8221; el_id=&#8221;capsule&#8221;]<section class=\"vc_row wpb_row vc_row-fluid\"><div class=\"wpb_column vc_column_container col-xs-mobile-fullwidth vc_col-sm-6\"><div class=\"vc_column-inner\"><div class=\"wpb_wrapper\">[vc_custom_heading text=&#8221;For coffee in capsules&#8221;]<div class=\"text-block-content melanges-text-block hongo-text-block-4 last-paragraph-no-margin\"><p>Thanks to their simplicity of operation and their practicality, capsule coffee machines allow you to enjoy great vintages, without requiring a high level of technical mastery in terms of preparation. The advantage of this type of machine is the possibility to choose the &#8220;strength&#8221; of the prepared drink.<\/p>\n<\/div><div class=\"vc_row wpb_row vc_inner vc_row-fluid  vc_custom_1624995762499\"><div class=\"wpb_column vc_column_container col-xs-mobile-fullwidth vc_col-sm-6\"><div class=\"vc_column-inner\"><div class=\"wpb_wrapper\">[vc_btn title=&#8221;Discover the products&#8221; style=&#8221;custom&#8221; custom_background=&#8221;#d1020d&#8221; custom_text=&#8221;#ffffff&#8221; shape=&#8221;round&#8221; i_icon_fontawesome=&#8221;fas fa-coffee&#8221; add_icon=&#8221;true&#8221; link=&#8221;url:https%3A%2F%2Fespressocafe.ch%2Fen%2Fproduct-tag%2Fnespresso-capsule%2F|&#8221;]<\/div><\/div><\/div><div class=\"wpb_column vc_column_container col-xs-mobile-fullwidth vc_col-sm-6 vc_hidden-lg vc_hidden-md vc_hidden-sm vc_hidden-xs\"><div class=\"vc_column-inner\"><div class=\"wpb_wrapper\">[vc_btn title=&#8221;Discover the machines&#8221; style=&#8221;custom&#8221; custom_background=&#8221;#000000&#8243; custom_text=&#8221;#ffffff&#8221; shape=&#8221;round&#8221; i_icon_fontawesome=&#8221;fas fa-blender&#8221; add_icon=&#8221;true&#8221; link=&#8221;url:https%3A%2F%2Fespressocafe.ch%2Fen%2Fproduct-category%2Fmachines-en%2F|&#8221;]<\/div><\/div><\/div><\/div><\/div><\/div><\/div><div class=\"wpb_column vc_column_container col-xs-mobile-fullwidth vc_col-sm-6\"><div class=\"vc_column-inner\"><div class=\"wpb_wrapper\"><div class=\"wpb_single_image vc_align_center  vc_custom_1647861254917\">\n\t\t\t<figure class=\"wpb_wrapper vc_figure\">\n\t\t\t\t<div class=\"vc_single_image-wrapper  \"><img loading=\"lazy\" decoding=\"async\" width=\"800\" height=\"400\" src=\"https:\/\/espressocafe.ch\/wp-content\/uploads\/2022\/03\/website_compatibilite_photo_capsule.png\" class=\"vc_single_image-img attachment-large\" alt=\"Machine \u00e0 caf\u00e9 \" title=\"website_compatibilite_photo_capsule\" srcset=\"https:\/\/espressocafe.ch\/wp-content\/uploads\/2022\/03\/website_compatibilite_photo_capsule.png 800w, https:\/\/espressocafe.ch\/wp-content\/uploads\/2022\/03\/website_compatibilite_photo_capsule-300x150.png 300w, https:\/\/espressocafe.ch\/wp-content\/uploads\/2022\/03\/website_compatibilite_photo_capsule-768x384.png 768w, https:\/\/espressocafe.ch\/wp-content\/uploads\/2022\/03\/website_compatibilite_photo_capsule-84x42.png 84w, https:\/\/espressocafe.ch\/wp-content\/uploads\/2022\/03\/website_compatibilite_photo_capsule-200x100.png 200w, https:\/\/espressocafe.ch\/wp-content\/uploads\/2022\/03\/website_compatibilite_photo_capsule-450x225.png 450w, https:\/\/espressocafe.ch\/wp-content\/uploads\/2022\/03\/website_compatibilite_photo_capsule-360x180.png 360w\" sizes=\"(max-width: 800px) 100vw, 800px\" \/><\/div>\n\t\t\t<\/figure>\n\t\t\t\n\t\t<\/div><\/div><\/div><\/div><\/section>[\/vc_section][vc_section el_id=&#8221;dosette&#8221;]<section class=\"vc_row wpb_row vc_row-fluid  vc_custom_1624996352388\"><div class=\"wpb_column vc_column_container col-xs-mobile-fullwidth vc_col-sm-6\"><div class=\"vc_column-inner\"><div class=\"wpb_wrapper\">[vc_custom_heading text=&#8221;For coffee in pods&#8221;]<div class=\"text-block-content melanges-text-block hongo-text-block-5 last-paragraph-no-margin\"><p>These machines have a compartment that holds the pod and serves as a percolation chamber. The resulting espresso is generally of good quality due to the pressure and the particularly well-packed grind.<\/p>\n<\/div><div class=\"vc_row wpb_row vc_inner vc_row-fluid  vc_custom_1624995788866\"><div class=\"wpb_column vc_column_container col-xs-mobile-fullwidth vc_col-sm-6\"><div class=\"vc_column-inner\"><div class=\"wpb_wrapper\">[vc_btn title=&#8221;Discover the products&#8221; style=&#8221;custom&#8221; custom_background=&#8221;#d1020d&#8221; custom_text=&#8221;#ffffff&#8221; shape=&#8221;round&#8221; i_icon_fontawesome=&#8221;fas fa-coffee&#8221; add_icon=&#8221;true&#8221; link=&#8221;url:https%3A%2F%2Fespressocafe.ch%2Fen%2Fproduct-tag%2Fpod%2F|&#8221;]<\/div><\/div><\/div><div class=\"wpb_column vc_column_container col-xs-mobile-fullwidth vc_col-sm-6\"><div class=\"vc_column-inner\"><div class=\"wpb_wrapper\">[vc_btn title=&#8221;Discover the machines&#8221; style=&#8221;custom&#8221; custom_background=&#8221;#000000&#8243; custom_text=&#8221;#ffffff&#8221; shape=&#8221;round&#8221; i_icon_fontawesome=&#8221;fas fa-blender&#8221; add_icon=&#8221;true&#8221; link=&#8221;url:https%3A%2F%2Fespressocafe.ch%2Fen%2Fproduct-category%2Fmachines-en%2F|&#8221;]<\/div><\/div><\/div><\/div><\/div><\/div><\/div><div class=\"wpb_column vc_column_container col-xs-mobile-fullwidth vc_col-sm-6\"><div class=\"vc_column-inner\"><div class=\"wpb_wrapper\"><div class=\"wpb_single_image vc_align_center  vc_custom_1647861292403\">\n\t\t\t<figure class=\"wpb_wrapper vc_figure\">\n\t\t\t\t<div class=\"vc_single_image-wrapper  \"><img loading=\"lazy\" decoding=\"async\" width=\"800\" height=\"400\" src=\"https:\/\/espressocafe.ch\/wp-content\/uploads\/2022\/03\/website_compatibilite_photo_dosette.png\" class=\"vc_single_image-img attachment-large\" alt=\"Trio de machine \u00e0 caf\u00e9 Espresso Italiano \" title=\"website_compatibilite_photo_dosette\" srcset=\"https:\/\/espressocafe.ch\/wp-content\/uploads\/2022\/03\/website_compatibilite_photo_dosette.png 800w, https:\/\/espressocafe.ch\/wp-content\/uploads\/2022\/03\/website_compatibilite_photo_dosette-300x150.png 300w, https:\/\/espressocafe.ch\/wp-content\/uploads\/2022\/03\/website_compatibilite_photo_dosette-768x384.png 768w, https:\/\/espressocafe.ch\/wp-content\/uploads\/2022\/03\/website_compatibilite_photo_dosette-84x42.png 84w, https:\/\/espressocafe.ch\/wp-content\/uploads\/2022\/03\/website_compatibilite_photo_dosette-200x100.png 200w, https:\/\/espressocafe.ch\/wp-content\/uploads\/2022\/03\/website_compatibilite_photo_dosette-450x225.png 450w, https:\/\/espressocafe.ch\/wp-content\/uploads\/2022\/03\/website_compatibilite_photo_dosette-360x180.png 360w\" sizes=\"(max-width: 800px) 100vw, 800px\" \/><\/div>\n\t\t\t<\/figure>\n\t\t\t\n\t\t<\/div><\/div><\/div><\/div><\/section>[\/vc_section]<section data-vc-full-width=\"true\" data-vc-full-width-init=\"false\" data-vc-stretch-content=\"true\" class=\"vc_row wpb_row vc_row-fluid  vc_custom_1566897182855   hongo-stretch-content hongo-stretch-content-fluid vc_row-o-equal-height vc_row-o-content-middle vc_row-flex\"><div class=\"wpb_column vc_column_container vc_col-has-fill col-xs-mobile-fullwidth vc_col-sm-12 vc_col-lg-6 wow fadeInLeft\"><div class=\"vc_column-inner cover-background vc_custom_1625033725035  hongo_responsive_1625033725038\"><div class=\"wpb_wrapper\"><\/div><\/div><\/div><div class=\"wpb_column vc_column_container vc_col-has-fill col-xs-mobile-fullwidth vc_col-sm-12 vc_col-lg-6 wow fadeInRight\"><div class=\"vc_column-inner vc_custom_1566897234332  hongo_responsive_1566897234342\"><div class=\"wpb_wrapper\"><div class=\"alt-font heading-style-4 vc_custom_1624995508181 heading-1 hongo-section-heading hongo_font_1624995508180\"><span>OUR COMMITMENTS<\/span><\/div><div class=\"alt-font heading-style-1 heading-2 hongo-section-heading hongo_font_1624994651051\">Quality:<\/div><div class=\"alt-font heading-style-1 vc_custom_1624995159140 heading-3 hongo-section-heading hongo_font_1624995159139\">The experience and know-how of a Neapolitan roastery<\/div><ul class=\"list-style list-style-3 list-style3-1 compatibilite-list\"><li><i class=\"base-color fas fa-check hongo_font_1624995431627\"><\/i><span>Selection of the great vintages  <\/span><\/li><li><i class=\"base-color fas fa-check hongo_font_1624995431627\"><\/i><span>Design and production of mixtures<\/span><\/li><li><i class=\"base-color fas fa-check hongo_font_1624995431627\"><\/i><span>Execution of the coffee roasting process<\/span><\/li><\/ul><div class=\"alt-font heading-style-1 heading-4 hongo-section-heading hongo_font_1624995215423\">Customer Relations:<\/div><div class=\"alt-font heading-style-1 vc_custom_1624995230186 heading-5 hongo-section-heading hongo_font_1624995230185\">Our main motivation is the customer satisfaction, always looking for valuable external partnership (machines, etc.)<\/div><ul class=\"list-style list-style-3 list-style3-2 compatibilite-list\"><li><i class=\"base-color fas fa-check hongo_font_1627378495242\"><\/i><span>Tasting advice and choice of blends<\/span><\/li><li><i class=\"base-color fas fa-check hongo_font_1627378495242\"><\/i><span>Advice on the best way to extract coffee<\/span><\/li><li><i class=\"base-color fas fa-check hongo_font_1627378495242\"><\/i><span>Partnership with professional coffee machine suppliers.<\/span><\/li><li><i class=\"base-color fas fa-check hongo_font_1627378495242\"><\/i><span>Technical support and equipment maintenance<\/span><\/li><\/ul><div class=\"alt-font heading-style-1 heading-6 hongo-section-heading hongo_font_1624995243022\">Innovation:<\/div><div class=\"alt-font heading-style-1 vc_custom_1624995264565 heading-7 hongo-section-heading hongo_font_1624995264564\">Research and development on the best modes of consumption to sublimate the product (machines, consumables, etc.)<\/div><ul class=\"list-style list-style-3 list-style3-3 compatibilite-list\"><li><i class=\"base-color fas fa-check hongo_font_1624995454023\"><\/i><span>Development of the product range<\/span><\/li><li><i class=\"base-color fas fa-check hongo_font_1624995454023\"><\/i><span>Expansion of the offer with Espresso Napolitano \u00ae (sweet and savory Neapolitan pastry products)<\/span><\/li><li><i class=\"base-color fas fa-check hongo_font_1624995454023\"><\/i><span>Research and development of machines for individuals and companies<\/span><\/li><li><i class=\"base-color fas fa-check hongo_font_1624995454023\"><\/i><span>Customization of the product to best meet the customer's needs.<\/span><\/li><\/ul><\/div><\/div><\/div><\/section><div class=\"vc_row-full-width vc_clearfix\"><\/div><section data-vc-full-width=\"true\" data-vc-full-width-init=\"false\" data-vc-stretch-content=\"true\" class=\"vc_row wpb_row vc_row-fluid contact-newsletter-section vc_custom_1624019223470   hongo-stretch-content hongo-stretch-content-fluid vc_row-o-equal-height vc_row-o-content-bottom vc_row-flex  hongo_responsive_1624019223473\"><div class=\"wpb_column vc_column_container col-xs-mobile-fullwidth vc_col-sm-2 vc_col-lg-4 vc_col-md-2 wow fadeInRight xs-display-none\" data-wow-delay= 100ms data-wow-duration= 1200ms><div class=\"vc_column-inner vc_custom_1564394158251\"><div class=\"wpb_wrapper\"><div class=\"separator-style-2 separator-style2-1\"><\/div><\/div><\/div><\/div><div class=\"wpb_column vc_column_container col-xs-mobile-fullwidth vc_col-sm-7 vc_col-lg-5 vc_col-md-7 wow fadeInRight xs-text-center\" data-wow-delay= 300ms data-wow-duration= 1200ms><div class=\"vc_column-inner  hongo_responsive_1564394171778\"><div class=\"wpb_wrapper\"><div class=\"alt-font heading-style-3 heading-8 hongo-section-heading hongo_font_1651740115917\"><strong>Subscribe to our newsletter to receive news and offers!<\/strong>(I promise, at Espresso Italiano, your personal data stays that way).<\/div><\/div><\/div><\/div><div class=\"wpb_column vc_column_container col-xs-mobile-fullwidth vc_col-sm-3 wow fadeInRight xs-text-center\" data-wow-delay= 500ms data-wow-duration= 1200ms><div class=\"vc_column-inner  hongo_responsive_1564394188010\"><div class=\"wpb_wrapper\"><div class=\"text-block-content hongo-text-block-6 last-paragraph-no-margin\"><script>(function() {\n\twindow.mc4wp = window.mc4wp || {\n\t\tlisteners: [],\n\t\tforms: {\n\t\t\ton: function(evt, cb) {\n\t\t\t\twindow.mc4wp.listeners.push(\n\t\t\t\t\t{\n\t\t\t\t\t\tevent   : evt,\n\t\t\t\t\t\tcallback: cb\n\t\t\t\t\t}\n\t\t\t\t);\n\t\t\t}\n\t\t}\n\t}\n})();\n<\/script><!-- Mailchimp for WordPress v4.9.21 - https:\/\/wordpress.org\/plugins\/mailchimp-for-wp\/ --><form id=\"mc4wp-form-1\" class=\"mc4wp-form mc4wp-form-101862\" method=\"post\" data-id=\"101862\" data-name=\"ESPRESSO NEWS\" ><div class=\"mc4wp-form-fields\">\t\t<input type=\"email\" name=\"EMAIL\" placeholder=\"E-mail\" required \/>\r\n\r\n\t<input type=\"submit\" value=\"S'inscrire \u00e0 la newsletter\" \/>\r\n<\/div><label style=\"display: none !important;\">Leave this field empty if you're human: <input type=\"text\" name=\"_mc4wp_honeypot\" value=\"\" tabindex=\"-1\" autocomplete=\"off\" \/><\/label><input type=\"hidden\" name=\"_mc4wp_timestamp\" value=\"1776293863\" \/><input type=\"hidden\" name=\"_mc4wp_form_id\" value=\"101862\" \/><input type=\"hidden\" name=\"_mc4wp_form_element_id\" value=\"mc4wp-form-1\" \/><div class=\"mc4wp-response\"><\/div><\/form><!-- \/ Mailchimp for WordPress Plugin -->\n<\/div><\/div><\/div><\/div><\/section><div class=\"vc_row-full-width vc_clearfix\"><\/div>\n","protected":false},"excerpt":{"rendered":"<p>[vc_section full_width=&#8221;stretch_row&#8221; css=&#8221;.vc_custom_1624995550702{padding-top: 0px !important;padding-bottom: 0px !important;background-color: #efeae3 !important;}&#8221; el_id=&#8221;grain&#8221;][\/vc_section][vc_section css=&#8221;.vc_custom_1624995563824{padding-top: 0px !important;padding-bottom: 0px !important;}&#8221; el_id=&#8221;moulu&#8221;][\/vc_section][vc_section full_width=&#8221;stretch_row&#8221; css=&#8221;.vc_custom_1624995590332{padding-top: 0px !important;padding-bottom: 0px !important;background-color: #efeae3 !important;}&#8221; el_id=&#8221;capsule&#8221;][\/vc_section][vc_section el_id=&#8221;dosette&#8221;][\/vc_section]<\/p>\n","protected":false},"author":1,"featured_media":0,"parent":0,"menu_order":0,"comment_status":"closed","ping_status":"closed","template":"","meta":{"_seopress_robots_primary_cat":"","_seopress_titles_title":"","_seopress_titles_desc":"","_seopress_robots_index":"","footnotes":""},"class_list":["post-104000","page","type-page","status-publish","hentry"],"acf":[],"_links":{"self":[{"href":"https:\/\/espressocafe.ch\/en\/wp-json\/wp\/v2\/pages\/104000"}],"collection":[{"href":"https:\/\/espressocafe.ch\/en\/wp-json\/wp\/v2\/pages"}],"about":[{"href":"https:\/\/espressocafe.ch\/en\/wp-json\/wp\/v2\/types\/page"}],"author":[{"embeddable":true,"href":"https:\/\/espressocafe.ch\/en\/wp-json\/wp\/v2\/users\/1"}],"replies":[{"embeddable":true,"href":"https:\/\/espressocafe.ch\/en\/wp-json\/wp\/v2\/comments?post=104000"}],"version-history":[{"count":0,"href":"https:\/\/espressocafe.ch\/en\/wp-json\/wp\/v2\/pages\/104000\/revisions"}],"wp:attachment":[{"href":"https:\/\/espressocafe.ch\/en\/wp-json\/wp\/v2\/media?parent=104000"}],"curies":[{"name":"wp","href":"https:\/\/api.w.org\/{rel}","templated":true}]}}